{"id":58,"date":"2017-12-16T14:11:28","date_gmt":"2017-12-16T14:11:28","guid":{"rendered":"http:\/\/dnzteknik.net\/wp\/?page_id=58"},"modified":"2025-01-10T09:57:14","modified_gmt":"2025-01-10T09:57:14","slug":"contact","status":"publish","type":"page","link":"http:\/\/www.turksametal.com\/wp\/contact\/","title":{"rendered":"\u0130leti\u015fim"},"content":{"rendered":"\n<h2 class=\"wp-block-heading\"><strong style=\"font-size: 16px;\">Adres<\/strong><\/h2>\n\n\n\n<p>Kavakl\u0131dere Mah. \u00c7\u0131tak Sok. No:8\/C BORNOVA-\u0130ZM\u0130R\/TURK\u0130YE<\/p>\n\n\n\n<p><strong>Gsm<\/strong><\/p>\n\n\n\n<p>+90 532 577 75 32<\/p>\n\n\n\n<p><strong>Mail<\/strong><\/p>\n\n\n\n<p>info@turksametal.com<\/p>\n\n\n\n<iframe src=\"https:\/\/www.google.com\/maps\/embed?pb=!1m18!1m12!1m3!1d3120.459467154428!2d27.305507875760895!3d38.45237317284008!2m3!1f0!2f0!3f0!3m2!1i1024!2i768!4f13.1!3m3!1m2!1s0x14b97b5514f0002f%3A0x569a8476b7e5488b!2sT%C3%BCrksa%20Metal%20Demir%20%C3%87elik%20ve%20Makina%20%C4%B0malat%20San.%20Tic.%20Ltd.%20%C5%9Eti.!5e1!3m2!1str!2str!4v1736502999991!5m2!1str!2str\" width=\"600\" height=\"450\" style=\"border:0;\" allowfullscreen=\"\" loading=\"lazy\" referrerpolicy=\"no-referrer-when-downgrade\"><\/iframe>\n","protected":false},"excerpt":{"rendered":"<p>Adres Kavakl\u0131dere Mah. \u00c7\u0131tak Sok. No:8\/C BORNOVA-\u0130ZM\u0130R\/TURK\u0130YE Gsm +90 532 577 75 32 Mail info@turksametal.com<\/p>\n","protected":false},"author":1,"featured_media":0,"parent":0,"menu_order":0,"comment_status":"closed","ping_status":"closed","template":"template-fullwidth.php","meta":{"footnotes":""},"class_list":["post-58","page","type-page","status-publish","hentry"],"aioseo_notices":[],"_links":{"self":[{"href":"http:\/\/www.turksametal.com\/wp\/wp-json\/wp\/v2\/pages\/58","targetHints":{"allow":["GET"]}}],"collection":[{"href":"http:\/\/www.turksametal.com\/wp\/wp-json\/wp\/v2\/pages"}],"about":[{"href":"http:\/\/www.turksametal.com\/wp\/wp-json\/wp\/v2\/types\/page"}],"author":[{"embeddable":true,"href":"http:\/\/www.turksametal.com\/wp\/wp-json\/wp\/v2\/users\/1"}],"replies":[{"embeddable":true,"href":"http:\/\/www.turksametal.com\/wp\/wp-json\/wp\/v2\/comments?post=58"}],"version-history":[{"count":11,"href":"http:\/\/www.turksametal.com\/wp\/wp-json\/wp\/v2\/pages\/58\/revisions"}],"predecessor-version":[{"id":331,"href":"http:\/\/www.turksametal.com\/wp\/wp-json\/wp\/v2\/pages\/58\/revisions\/331"}],"wp:attachment":[{"href":"http:\/\/www.turksametal.com\/wp\/wp-json\/wp\/v2\/media?parent=58"}],"curies":[{"name":"wp","href":"https:\/\/api.w.org\/{rel}","templated":true}]}}